{"id":3707,"date":"2025-04-23T18:35:59","date_gmt":"2025-04-23T18:35:59","guid":{"rendered":"https:\/\/preview.tutorlms.com\/marketplace\/?page_id=3707"},"modified":"2025-06-27T16:10:53","modified_gmt":"2025-06-27T16:10:53","slug":"home","status":"publish","type":"page","link":"https:\/\/www.beezdigital.cl\/learn\/","title":{"rendered":"Home"},"content":{"rendered":"\t\t<div data-elementor-type=\"wp-page\" data-elementor-id=\"3707\" class=\"elementor elementor-3707\">\n\t\t\t\t<div class=\"elementor-element elementor-element-d45fe6d e-flex e-con-boxed e-con e-parent\" data-id=\"d45fe6d\" data-element_type=\"container\" id=\"xs_cta_style_2\" data-settings=\"{&quot;background_background&quot;:&quot;video&quot;,&quot;background_video_link&quot;:&quot;https:\\\/\\\/www.beezdigital.cl\\\/learn\\\/wp-content\\\/uploads\\\/2025\\\/06\\\/2.mp4&quot;,&quot;background_play_on_mobile&quot;:&quot;yes&quot;}\">\n\t\t\t\t\t<div class=\"e-con-inner\">\n\t\t<div class=\"elementor-background-video-container\">\n\t\t\t\t\t\t\t<video class=\"elementor-background-video-hosted\" autoplay muted playsinline loop><\/video>\n\t\t\t\t\t<\/div><div class=\"elementor-element elementor-element-7e2fd7db e-con-full e-flex e-con e-child\" data-id=\"7e2fd7db\" data-element_type=\"container\">\n\t\t\t\t<div class=\"elementor-element elementor-element-2ac7bc9 elementor-widget elementor-widget-heading\" data-id=\"2ac7bc9\" data-element_type=\"widget\" data-widget_type=\"heading.default\">\n\t\t\t\t<div class=\"elementor-widget-container\">\n\t\t\t\t\t<h5 class=\"elementor-heading-title elementor-size-default\">APRENDIZAJE SIN L\u00cdMITES<\/h5>\t\t\t\t<\/div>\n\t\t\t\t<\/div>\n\t\t\t\t<div class=\"elementor-element elementor-element-7bcac43 elementor-widget elementor-widget-heading\" data-id=\"7bcac43\" data-element_type=\"widget\" data-widget_type=\"heading.default\">\n\t\t\t\t<div class=\"elementor-widget-container\">\n\t\t\t\t\t<h2 class=\"elementor-heading-title elementor-size-default\">\u00bfSer\u00e1s quien controla la herramienta o quien es reemplazado por ella?<\/h2>\t\t\t\t<\/div>\n\t\t\t\t<\/div>\n\t\t\t\t<div class=\"elementor-element elementor-element-3df1996 elementor-widget elementor-widget-text-editor\" data-id=\"3df1996\" data-element_type=\"widget\" data-widget_type=\"text-editor.default\">\n\t\t\t\t<div class=\"elementor-widget-container\">\n\t\t\t\t\t\t\t\t\t<p>El futuro no es que la IA haga tu trabajo, es que t\u00fa hagas tu trabajo mejor con la IA. Desarrolla las habilidades pr\u00e1cticas para integrar la tecnolog\u00eda como una herramienta y resolver problemas complejos.<\/p>\t\t\t\t\t\t\t\t<\/div>\n\t\t\t\t<\/div>\n\t\t\t\t<div class=\"elementor-element elementor-element-dad6cbb elementor-align-left elementor-widget__width-auto elementor-widget elementor-widget-button\" data-id=\"dad6cbb\" data-element_type=\"widget\" data-widget_type=\"button.default\">\n\t\t\t\t<div class=\"elementor-widget-container\">\n\t\t\t\t\t\t\t\t\t<div class=\"elementor-button-wrapper\">\n\t\t\t\t\t<a class=\"elementor-button elementor-button-link elementor-size-sm\" href=\"#\">\n\t\t\t\t\t\t<span class=\"elementor-button-content-wrapper\">\n\t\t\t\t\t\t\t\t\t<span class=\"elementor-button-text\">Comienza tu Aprendizaje HOY<\/span>\n\t\t\t\t\t<\/span>\n\t\t\t\t\t<\/a>\n\t\t\t\t<\/div>\n\t\t\t\t\t\t\t\t<\/div>\n\t\t\t\t<\/div>\n\t\t\t\t<\/div>\n\t\t<div class=\"elementor-element elementor-element-820ad97 e-con-full e-flex e-con e-child\" data-id=\"820ad97\" data-element_type=\"container\">\n\t\t\t\t<\/div>\n\t\t\t\t\t<\/div>\n\t\t\t\t<\/div>\n\t\t<div class=\"elementor-element elementor-element-c0a3635 e-flex e-con-boxed e-con e-parent\" data-id=\"c0a3635\" data-element_type=\"container\">\n\t\t\t\t\t<div class=\"e-con-inner\">\n\t\t\t\t<div class=\"elementor-element elementor-element-34e0391 elementor-widget elementor-widget-text-editor\" data-id=\"34e0391\" data-element_type=\"widget\" data-widget_type=\"text-editor.default\">\n\t\t\t\t<div class=\"elementor-widget-container\">\n\t\t\t\t\t\t\t\t\t<div class=\"wp-block-qubely-text qubely-block-089ac1\"><div class=\"qubely-block-text \"><p>El mundo avanza a la velocidad de la inteligencia artificial. Lo que ayer era una innovaci\u00f3n, hoy es un est\u00e1ndar. Mantenerse actualizado en IA ya no es una opci\u00f3n, sino una necesidad fundamental para la relevancia profesional. Comprender su evoluci\u00f3n y aplicaciones pr\u00e1cticas te permite no solo adaptarte, sino anticipar el cambio y liderar. La fluidez en el lenguaje de la IA es el nuevo pilar para el crecimiento y la competitividad en cualquier sector. No dejes que el futuro te tome por sorpresa.<br \/><br \/>El aprendizaje suele ocurrir en las aulas, pero no tiene por qu\u00e9 ser as\u00ed. <strong>Beez Learning<\/strong> facilita las experiencias de aprendizaje en cualquier contexto.<\/p><\/div><\/div>\t\t\t\t\t\t\t\t<\/div>\n\t\t\t\t<\/div>\n\t\t\t\t<div class=\"elementor-element elementor-element-08e34c8 elementor-widget elementor-widget-shortcode\" data-id=\"08e34c8\" data-element_type=\"widget\" data-widget_type=\"shortcode.default\">\n\t\t\t\t<div class=\"elementor-widget-container\">\n\t\t\t\t\t\t\t<div class=\"elementor-shortcode\">\n<div class=\"tutor-wrap tutor-wrap-parent tutor-courses-wrap tutor-container course-archive-page\" data-tutor_courses_meta=\"{&quot;course_filter&quot;:false,&quot;supported_filters&quot;:{&quot;search&quot;:&quot;search&quot;,&quot;category&quot;:&quot;category&quot;},&quot;loop_content_only&quot;:false,&quot;column_per_row&quot;:&quot;3&quot;,&quot;course_per_page&quot;:3,&quot;show_pagination&quot;:false}\">\n\t\n\t<div class=\"tutor-row tutor-gx-xl-5\">\n\t\t\t\t\t<div class=\"tutor-col-12\">\n\t\t\t\t<div class=\"\">\n\t\t\t\t\t\n<!--\n\tNote: Do not remove tutor-course-filter attr. It required by _archive.js for filter function.\n!-->\n<div style=\"text-align: right;\" class=\"tutor-course-filter\" tutor-course-filter>\n\t<form style=\"display: inline-block;\">\n\t\t<select class=\"tutor-form-control tutor-form-select\" name=\"course_order\">\n\t\t\t<option value=\"newest_first\"  >\n\t\t\t\tFecha de lanzamiento (m\u00e1s recientes primero)\t\t\t<\/option>\n\t\t\t<option value=\"oldest_first\" >\n\t\t\t\tFecha de lanzamiento (m\u00e1s antiguas primero)\t\t\t<\/option>\n\t\t\t<option value=\"course_title_az\" >\n\t\t\t\tT\u00edtulo del curso (a-z)\t\t\t<\/option>\n\t\t\t<option value=\"course_title_za\" >\n\t\t\t\tT\u00edtulo del curso (z-a)\t\t\t<\/option>\n\t\t<\/select>\n\t<\/form>\n<\/div>\n<br\/>\n\t\t\t\t<\/div>\n\t\t\t\t<div class=\"tutor-pagination-wrapper-replaceable\" tutor-course-list-container>\n\t\t\t\t\t<div class=\"tutor-course-list tutor-grid tutor-grid-3\">\n<div class=\"tutor-card tutor-course-card\">\n<div class=\"tutor-course-thumbnail\">\n\t<a href=\"https:\/\/www.beezdigital.cl\/learn\/courses\/de-la-idea-a-la-pantalla-crea-tu-serie-animada-con-ia\/\" class=\"tutor-d-block\">\n\t\t<div class=\"tutor-ratio tutor-ratio-16x9\">\n\t\t\t<img decoding=\"async\" class=\"tutor-card-image-top\" src=\"https:\/\/www.beezdigital.cl\/learn\/wp-content\/uploads\/2025\/06\/Captura-de-pantalla-2025-06-26-a-las-7.18.33\u202fp.\u202fm.png\" alt=\"De la Idea a la Pantalla: Crea tu Serie Animada con IA\" loading=\"lazy\">\n\t\t<\/div>\n\t<\/a>\n\t<\/div>\n<div class=\"tutor-course-bookmark\">\n\t<a href=\"javascript:;\"  class=\"tutor-open-login-modal save-bookmark-btn tutor-iconic-btn tutor-iconic-btn-secondary\" data-course-id=\"4044\">\n\t\t<i class=\"tutor-icon-bookmark-line\"><\/i>\n\t<\/a><\/div>\n\n<div class=\"tutor-card-body\">\n\n<div class=\"tutor-course-ratings tutor-mb-8\">\n\t\t<div class=\"tutor-ratings\">\n\t\t<div class=\"tutor-ratings-stars\">\n\t\t\t<span class=\"tutor-icon-star-line\" data-rating-value=\"1\"><\/span><span class=\"tutor-icon-star-line\" data-rating-value=\"2\"><\/span><span class=\"tutor-icon-star-line\" data-rating-value=\"3\"><\/span><span class=\"tutor-icon-star-line\" data-rating-value=\"4\"><\/span><span class=\"tutor-icon-star-line\" data-rating-value=\"5\"><\/span>\t\t<\/div>\n\n\t\t\t<\/div>\n\t<\/div>\n\n<h3 class=\"tutor-course-name tutor-fs-5 tutor-fw-medium\" title=\"De la Idea a la Pantalla: Crea tu Serie Animada con IA\">\n\t<a href=\"https:\/\/www.beezdigital.cl\/learn\/courses\/de-la-idea-a-la-pantalla-crea-tu-serie-animada-con-ia\/\">De la Idea a la Pantalla: Crea tu Serie Animada con IA<\/a>\n<\/h3>\n\n<div class=\"tutor-meta tutor-mt-12 tutor-mb-20\">\n\t\n\t\t\t<div>\n\t\t\t<span class=\"tutor-icon-clock-line tutor-meta-icon\" area-hidden=\"true\"><\/span>\n\t\t\t<span class=\"tutor-meta-value\">\n\t\t\t\t 4h\t\t\t<\/span>\n\t\t<\/div>\n\t<\/div>\n\n<div class=\"tutor-meta tutor-mt-auto\">\n\t<div>\n\t\t<a href=\"#\" class=\"tutor-d-flex\">\n\t\t\t<div class=\"tutor-avatar\"><div class=\"tutor-ratio tutor-ratio-1x1\"><span class=\"tutor-avatar-text\">DR<\/span><\/div><\/div>\t\t<\/a>\n\t<\/div>\n\n\t<div>\n\t\tpor\t\t<a href=\"#\">David Romero<\/a>\n\n\t\t\t\t\ten\t\t\t<a href=\"https:\/\/www.beezdigital.cl\/learn\/course-category\/fondos-concursables\/?tutor-course-filter-category=35\">Fondos Concursables<\/a>, <a href=\"https:\/\/www.beezdigital.cl\/learn\/course-category\/inteligencia-artificial\/?tutor-course-filter-category=33\">Inteligencia Artificial<\/a>, <a href=\"https:\/\/www.beezdigital.cl\/learn\/course-category\/series-animadas\/?tutor-course-filter-category=34\">Series Animadas<\/a>\t\t\t<\/div>\n<\/div>\n\n<\/div>\n\n<div class=\"tutor-card-footer\">\n\t\t\n<div class=\"list-item-button\">\n\t<a \thref=\"https:\/\/www.beezdigital.cl\/learn\/courses\/de-la-idea-a-la-pantalla-crea-tu-serie-animada-con-ia\/lessons\/desentranando-la-serie-animada-y-el-contexto-nacional\/\" \n\t\tclass=\"tutor-btn tutor-btn-outline-primary tutor-btn-md tutor-btn-block \" \n\t\tdata-course_id=\"4044\">\n\t\tEmpezar el aprendizaje\t<\/a>\n\t<\/div>\n\t<\/div>\n<\/div>\n<\/div>\n\t\t\t\t<\/div>\n\t\t\t<\/div>\n\t\t\t<\/div>\n<\/div>\n\n\n\n<div class=\"tutor-modal tutor-login-modal\">\n\t<div class=\"tutor-modal-overlay\"><\/div>\n\t<div class=\"tutor-modal-window tutor-modal-window-sm\">\n\t\t<div class=\"tutor-modal-content tutor-modal-content-white\">\n\t\t\t<button class=\"tutor-iconic-btn tutor-modal-close-o\" data-tutor-modal-close>\n\t\t\t\t<span class=\"tutor-icon-times\" area-hidden=\"true\"><\/span>\n\t\t\t<\/button>\n\n\t\t\t<div class=\"tutor-modal-body\">\n\t\t\t\t<div class=\"tutor-py-48\">\n\t\t\t\t\t\t\t\t\t\t<div class=\"tutor-fs-4 tutor-fw-medium tutor-color-black tutor-mb-32\">\u00a1Hola, bienvenido de nuevo!<\/div>\n\t\t\t\t\t<form id=\"tutor-login-form\" method=\"post\">\n\t\t<input type=\"hidden\" id=\"_tutor_nonce\" name=\"_tutor_nonce\" value=\"d858848507\" \/><input type=\"hidden\" name=\"_wp_http_referer\" value=\"\/learn\/wp-json\/wp\/v2\/pages\/3707\" \/>\t<input type=\"hidden\" name=\"tutor_action\" value=\"tutor_user_login\" \/>\n\t<input type=\"hidden\" name=\"redirect_to\" value=\"https:\/\/www.beezdigital.cl\/learn\/wp-json\/wp\/v2\/pages\/3707\" \/>\n\n\t<div class=\"tutor-mb-20\">\n\t\t<input type=\"text\" class=\"tutor-form-control\" placeholder=\"Nombre de usuario o correo electr\u00f3nico\" name=\"log\" value=\"\" size=\"20\" required\/>\n\t<\/div>\n\n\t<div class=\"tutor-mb-32\">\n\t\t<input type=\"password\" class=\"tutor-form-control\" placeholder=\"Contrase\u00f1a\" name=\"pwd\" value=\"\" size=\"20\" required\/>\n\t<\/div>\n\n\t<div class=\"tutor-login-error\"><\/div>\n\t\t\t<input type=\"hidden\" name=\"timezone\" value=\"+00:00\" \/>\n\t\t<script>\n\t\t\tdocument.addEventListener('DOMContentLoaded', function() {\n\t\t\t\tconst timezone = document.querySelector('input[name=\"timezone\"]');\n\t\t\t\tif ( timezone) {\n\t\t\t\t\tconst tz = Intl.DateTimeFormat().resolvedOptions().timeZone;\n\t\t\t\t\ttimezone.value = tz\n\t\t\t\t}\n\t\t\t});\n\t\t<\/script>\n\t\t\t<div class=\"tutor-d-flex tutor-justify-between tutor-align-center tutor-mb-40\">\n\t\t<div class=\"tutor-form-check\">\n\t\t\t<input id=\"tutor-login-agmnt-1\" type=\"checkbox\" class=\"tutor-form-check-input tutor-bg-black-40\" name=\"rememberme\" value=\"forever\" \/>\n\t\t\t<label for=\"tutor-login-agmnt-1\" class=\"tutor-fs-7 tutor-color-muted\">\n\t\t\t\tMantenerme conectado\t\t\t<\/label>\n\t\t<\/div>\n\t\t<a href=\"https:\/\/www.beezdigital.cl\/learn\/escritorio\/retrieve-password\" class=\"tutor-btn tutor-btn-ghost\">\n\t\t\t\u00bfOlvidaste la contrase\u00f1a?\t\t<\/a>\n\t<\/div>\n\n\t\t<button type=\"submit\" class=\"tutor-btn tutor-btn-primary tutor-btn-block\">\n\t\tAcceder\t<\/button>\n\t\n\t\t\t\t\t<div class=\"tutor-text-center tutor-fs-6 tutor-color-secondary tutor-mt-20\">\n\t\t\t\u00bfNo tienes una cuenta?&nbsp;\n\t\t\t<a href=\"https:\/\/www.beezdigital.cl\/learn\/registro-de-estudiante\/?redirect_to=https:\/\/www.beezdigital.cl\/learn\/wp-json\/wp\/v2\/pages\/3707\" class=\"tutor-btn tutor-btn-link\">\n\t\t\t\tReg\u00edstrate ahora\t\t\t<\/a>\n\t\t<\/div>\n\t\t<\/form>\n<script>\n\tdocument.addEventListener('DOMContentLoaded', function() {\n\t\tvar { __ } = wp.i18n;\n\t\tvar loginModal = document.querySelector('.tutor-modal.tutor-login-modal');\n\t\tvar errors = [];\n\t\tif (loginModal && errors.length) {\n\t\t\tloginModal.classList.add('tutor-is-active');\n\t\t}\n\t});\n<\/script>\n\n\t\t\t\t\t\t\t\t\t<\/div>\n\t\t\t\t\t\t\t<\/div>\n\t\t<\/div>\n\t<\/div>\n<\/div>\n<\/div>\n\t\t\t\t\t\t<\/div>\n\t\t\t\t<\/div>\n\t\t\t\t\t<\/div>\n\t\t\t\t<\/div>\n\t\t<div class=\"elementor-element elementor-element-8992e45 e-flex e-con-boxed e-con e-parent\" data-id=\"8992e45\" data-element_type=\"container\" data-settings=\"{&quot;background_background&quot;:&quot;video&quot;,&quot;background_video_link&quot;:&quot;https:\\\/\\\/www.beezdigital.cl\\\/learn\\\/wp-content\\\/uploads\\\/2025\\\/06\\\/4.mp4&quot;,&quot;background_play_on_mobile&quot;:&quot;yes&quot;}\">\n\t\t\t\t\t<div class=\"e-con-inner\">\n\t\t<div class=\"elementor-background-video-container\">\n\t\t\t\t\t\t\t<video class=\"elementor-background-video-hosted\" autoplay muted playsinline loop><\/video>\n\t\t\t\t\t<\/div>\t\t<div class=\"elementor-element elementor-element-c5e46c9 elementor-widget elementor-widget-heading\" data-id=\"c5e46c9\" data-element_type=\"widget\" data-widget_type=\"heading.default\">\n\t\t\t\t<div class=\"elementor-widget-container\">\n\t\t\t\t\t<h3 class=\"elementor-heading-title elementor-size-default\">\u00bfQuieres recibir ofertas especiales y actualizaciones de cursos?<\/h3>\t\t\t\t<\/div>\n\t\t\t\t<\/div>\n\t\t\t\t<div class=\"elementor-element elementor-element-3a660e0 elementor-widget elementor-widget-html\" data-id=\"3a660e0\" data-element_type=\"widget\" data-widget_type=\"html.default\">\n\t\t\t\t<div class=\"elementor-widget-container\">\n\t\t\t\t\t<form class=\"tutor-starter-custom-subscription\">\n    <input type=\"email\" placeholder=\"escribe tu mail\">\n    <button type=\"button\">Subscribete<\/button>\n<\/form>\t\t\t\t<\/div>\n\t\t\t\t<\/div>\n\t\t\t\t\t<\/div>\n\t\t\t\t<\/div>\n\t\t\t\t<\/div>\n\t\t","protected":false},"excerpt":{"rendered":"<p>APRENDIZAJE SIN L\u00cdMITES \u00bfSer\u00e1s quien controla la herramienta o quien es reemplazado por ella? El futuro no es que la<\/p>\n","protected":false},"author":2,"featured_media":0,"parent":0,"menu_order":0,"comment_status":"closed","ping_status":"closed","template":"elementor_header_footer","meta":{"_tutorstarter_page_metadata":[],"footnotes":""},"class_list":["post-3707","page","type-page","status-publish","hentry"],"_links":{"self":[{"href":"https:\/\/www.beezdigital.cl\/learn\/wp-json\/wp\/v2\/pages\/3707","targetHints":{"allow":["GET"]}}],"collection":[{"href":"https:\/\/www.beezdigital.cl\/learn\/wp-json\/wp\/v2\/pages"}],"about":[{"href":"https:\/\/www.beezdigital.cl\/learn\/wp-json\/wp\/v2\/types\/page"}],"author":[{"embeddable":true,"href":"https:\/\/www.beezdigital.cl\/learn\/wp-json\/wp\/v2\/users\/2"}],"replies":[{"embeddable":true,"href":"https:\/\/www.beezdigital.cl\/learn\/wp-json\/wp\/v2\/comments?post=3707"}],"version-history":[{"count":10,"href":"https:\/\/www.beezdigital.cl\/learn\/wp-json\/wp\/v2\/pages\/3707\/revisions"}],"predecessor-version":[{"id":4257,"href":"https:\/\/www.beezdigital.cl\/learn\/wp-json\/wp\/v2\/pages\/3707\/revisions\/4257"}],"wp:attachment":[{"href":"https:\/\/www.beezdigital.cl\/learn\/wp-json\/wp\/v2\/media?parent=3707"}],"curies":[{"name":"wp","href":"https:\/\/api.w.org\/{rel}","templated":true}]}}